{"id":24,"date":"2018-05-08T21:42:21","date_gmt":"2018-05-08T21:42:21","guid":{"rendered":"http:\/\/labo.edu.pl\/?page_id=24"},"modified":"2025-01-21T19:21:26","modified_gmt":"2025-01-21T19:21:26","slug":"oferta","status":"publish","type":"page","link":"https:\/\/labo.edu.pl\/?page_id=24","title":{"rendered":"Oferta"},"content":{"rendered":"<p><span style=\"font-family: arial, helvetica, sans-serif;\"><strong>Pokazy i warsztaty naukowe<\/strong><\/span><\/p>\n<p style=\"text-align: justify; line-height: 120%;\"><span style=\"font-family: arial, helvetica, sans-serif; font-size: 10pt;\"><span style=\"font-size: 12pt;\">Organizuj\u0105 Pa\u0144stwo imprez\u0119 z udzia\u0142em dzieci lub m\u0142odzie\u017cy. Pragn\u0105 Pa\u0144stwo zainteresowa\u0107 dzieci nauk\u0105? Jeste\u015bmy od tego. W zale\u017cno\u015bci od Pa\u0144stwa potrzeb i odpowiednich warunk\u00f3w lokalowych mo\u017cemy zorganizowa\u0107 pokazy lub warsztaty z wykorzystaniem eksperyment\u00f3w fizycznych, chemicznych czy przyrodniczych. Jeste\u015bmy przygotowani zar\u00f3wno <span style=\"font-family: tahoma,arial,helvetica,sans-serif;\">na zaj\u0119cia w pomieszczeniach jak i na \u015bwie\u017cym powietrzu.<\/span><\/span><br \/>\n<\/span><\/p>\n<p style=\"text-align: justify; line-height: 120%;\"><span style=\"font-family: tahoma,arial,helvetica,sans-serif; font-size: 10pt;\"><em><span style=\"color: maroon;\">Koszt pokazu\/ warsztatu uzale\u017cniony jest od czasu jego trwania, od ilo\u015bci i wieku uczestnik\u00f3w, lokalizacji oraz od wybranych przez Pa\u0144stwo do\u015bwiadcze\u0144. Prosimy o kontakt, a przygotujemy optymaln\u0105 dla Pa\u0144stwa potrzeb ofert\u0119.<\/span><\/em><\/span><\/p>\n<p><strong><span style=\"font-family: arial, helvetica, sans-serif;\">Szkolenia dla os\u00f3b doros\u0142ych<\/span><\/strong><\/p>\n<ul>\n<li><span style=\"font-family: arial, helvetica, sans-serif;\">Szkolenia okresowe z bezpiecze\u0144stwa i higieny pracy<\/span><\/li>\n<li><span style=\"font-family: arial, helvetica, sans-serif;\">Szkolenia z magazynowania i transportu materia\u0142\u00f3w niebezpiecznych (<em>doradca ADR<\/em>),<\/span><\/li>\n<li><span style=\"font-family: arial, helvetica, sans-serif;\">Szkolenia specjalistyczne z klasyfikacji substancji chemicznych wg przepis\u00f3w CLP i REACH,<\/span><\/li>\n<li><span style=\"font-family: arial, helvetica, sans-serif;\">Szkolenia dla nauczycieli \/ trener\u00f3w\/ edukator\u00f3w z metod nauczania z\u00a0zastosowaniem pedagogiki przygodowej \/ z u\u017cyciem eksperyment\u00f3w\u00a0<\/span><\/li>\n<li><span style=\"font-family: arial, helvetica, sans-serif;\">Szkolenia specjalistyczne z ogrodnictwa i sadownictwa (dla rolnik\u00f3w, dzia\u0142kowc\u00f3w)<\/span><\/li>\n<li><span style=\"font-family: arial, helvetica, sans-serif;\">Szkolenia z ochrony \u015brodowiska dla przedsi\u0119biorc\u00f3w<\/span><\/li>\n<\/ul>\n<p><span style=\"color: #800000; font-family: tahoma,arial,helvetica,sans-serif; font-size: 10pt;\"><em>Koszt\u00a0szkolenia dla grupy uzale\u017cniony jest od czasu jego trwania, od ilo\u015bci, lokalizacji oraz od wybranego szkolenia. Prosimy o kontakt, a przygotujemy optymaln\u0105 dla Pa\u0144stwa potrzeb ofert\u0119. O szkoleniach <strong>otwartych<\/strong> b\u0119dziemy informowa\u0107 na bie\u017c\u0105co na stronie internetowej\u00a0<\/em><\/span><\/p>\n<p><strong><span style=\"font-family: arial, helvetica, sans-serif;\">Kompleksowa us\u0142uga bhp, ppo\u017c. i\u00a0 ochrony \u015brodowiska dla firm<\/span><\/strong><\/p>\n<p style=\"text-align: justify;\"><span style=\"font-family: tahoma, arial, helvetica, sans-serif;\">Szkolenia bhp to nie wszystko. Zatrudnienie <span style=\"text-decoration: underline;\">pracownik\u00f3w to dodatkowe obowi\u0105zki<\/span>. Dob\u00f3r \u015brodk\u00f3w ochrony indywidualnej, analiza ryzyka zawodowego, przygotowanie dokumentacji powypadkowej, opracowanie instrukcji bhp. To tylko niekt\u00f3re zadania, kt\u00f3re podlegaj\u0105 kontroli Pa\u0144stwowej Inspekcji Pracy czy Sanepidu. Potrzebujesz behapowca, skontaktuj si\u0119 z nami &#8211; <a href=\"https:\/\/labo.edu.pl\/wp-content\/uploads\/2018\/11\/Us\u0142ugi-BHP.pdf\">pe\u0142en <strong>wykaz us\u0142ug bhp<\/strong><\/a>\u00a0<\/span><\/p>\n<p style=\"text-align: justify;\"><span style=\"font-family: arial, helvetica, sans-serif;\">Nacisk na ochron\u0119 \u015brodowiska jest coraz wi\u0119kszy. Pomagamy w prowadzeniu prawid\u0142owej gospodarki odpadami (w tym prowadzeniu <strong>BDO<\/strong>) i przygotowywaniu sprawozda\u0144 do urz\u0119du marsza\u0142kowskiego oraz KOBiZE.<\/span><\/p>\n<p><em><span style=\"font-family: tahoma, arial, helvetica, sans-serif; font-size: 10pt; color: #993300;\">Prosimy o kontakt. Ustalimy cen\u0119 us\u0142ugi jednorazowej lub d\u0142ugoterminowej.<\/span><br \/>\n<\/em><\/p>\n<p><strong><span style=\"font-family: arial, helvetica, sans-serif;\">Doradztwo z zakresu przewozu materia\u0142\u00f3w niebezpiecznych ADR<\/span><\/strong><\/p>\n<p style=\"text-align: justify;\"><span style=\"font-family: tahoma,arial,helvetica,sans-serif;\"><span style=\"font-family: arial,helvetica,sans-serif;\">Prowadz\u0105 Pa\u0144stwo przedsi\u0119biorstwo przewozu materia\u0142\u00f3w.<\/span> Przepisy Ustawy o przewozie towar\u00f3w niebezpiecznych z dnia 19 sierpnia 2011 r. oraz\u00a0 umowy europejskiej ADR <span style=\"text-decoration: underline;\">nak\u0142adaj\u0105 na firm\u0119 obowi\u0105zek<\/span> wyznaczenia doradcy do spraw bezpiecze\u0144stwa w transporcie towar\u00f3w niebezpiecznych,\u00a0je\u017celi firma \u015bwiadczy\u00a0przew\u00f3z drogowy towar\u00f3w niebezpiecznych lub zwi\u0105zany z tym przewozem za\u0142adunek lub roz\u0142adunek. Proponujemy swoje us\u0142ugi w tym zakresie przez osob\u0119 maj\u0105c\u0105 uprawnienia doradcy ADR (DGSA).\u00a0<\/span><\/p>\n<p><span style=\"color: #800000; font-family: tahoma,arial,helvetica,sans-serif; font-size: 10pt;\"><em>Prosimy o kontakt &#8211; um\u00f3wimy si\u0119 na spotkanie w celu om\u00f3wieniu szczeg\u00f3\u0142\u00f3w<\/em><\/span><\/p>\n<p><strong><span style=\"font-family: arial, helvetica, sans-serif;\">Doradztwo z zakresu zak\u0142adania teren\u00f3w zielonych<\/span><\/strong><\/p>\n<p style=\"text-align: justify;\"><span style=\"font-family: arial,helvetica,sans-serif;\">Planuj\u0105 Pa\u0144stwo za\u0142o\u017cenie, modernizacj\u0119 lub zabiegi piel\u0119gnacyjne ogrodu lub sadu. Potrzebuj\u0105 Pa\u0144stwo przygotowa\u0107 ekspertyz\u0119 rolno\u015brodowiskow\u0105. Nasi fachowcy s\u0105 gotowi do wyzwa\u0144. Wsp\u00f3\u0142pracujemy ze szk\u00f3\u0142kami drzew i krzew\u00f3w ozdobnych i owocowych i Zespo\u0142em Szk\u00f3\u0142 Ogrodniczych w Szczecinie.<br \/>\n<\/span><\/p>\n<p><span style=\"color: #800000; font-family: tahoma,arial,helvetica,sans-serif; font-size: 10pt;\"><em>Prosimy o kontakt &#8211; um\u00f3wimy si\u0119 na spotkanie w celu om\u00f3wieniu szczeg\u00f3\u0142\u00f3w<\/em><\/span><\/p>\n<p><strong><span style=\"font-family: arial, helvetica, sans-serif;\">Pomiary \u015brodowiskowe gleby, wody, nat\u0119\u017cenia d\u017awi\u0119ku i \u015bwiat\u0142a.<\/span><\/strong><\/p>\n<p><span style=\"font-family: arial,helvetica,sans-serif;\">Pomiary \u015brodowiska pracy (nat\u0119\u017cenie \u015bwiat\u0142a, nat\u0119\u017cenie ha\u0142asu, pomiary elektryczne, sprawdzenie instalacji gazowych), pob\u00f3r pr\u00f3bek \u015brodowiskowych do bada\u0144 laboratoryjnych, wsp\u00f3\u0142praca z laboratoriami specjalistycznymi.<br \/>\n<\/span><\/p>\n<p><span style=\"color: #800000; font-family: tahoma,arial,helvetica,sans-serif; font-size: 10pt;\"><em>\u00a0<\/em><\/span><\/p>\n<p><img loading=\"lazy\" decoding=\"async\" class=\"wp-image-51 size-large aligncenter\" src=\"http:\/\/labo.edu.pl\/wp-content\/uploads\/2018\/05\/col2-1024x1024.jpg\" alt=\"\" width=\"640\" height=\"640\" srcset=\"https:\/\/labo.edu.pl\/wp-content\/uploads\/2018\/05\/col2-1024x1024.jpg 1024w, https:\/\/labo.edu.pl\/wp-content\/uploads\/2018\/05\/col2-150x150.jpg 150w, https:\/\/labo.edu.pl\/wp-content\/uploads\/2018\/05\/col2-300x300.jpg 300w, https:\/\/labo.edu.pl\/wp-content\/uploads\/2018\/05\/col2-768x768.jpg 768w, https:\/\/labo.edu.pl\/wp-content\/uploads\/2018\/05\/col2-250x250.jpg 250w, https:\/\/labo.edu.pl\/wp-content\/uploads\/2018\/05\/col2-174x174.jpg 174w, https:\/\/labo.edu.pl\/wp-content\/uploads\/2018\/05\/col2.jpg 1800w\" sizes=\"auto, (max-width: 640px) 100vw, 640px\" \/><\/p>\n<p><strong><span style=\"font-family: arial, helvetica, sans-serif;\">\u00a0<\/span><\/strong><\/p>\n","protected":false},"excerpt":{"rendered":"<p>Pokazy i warsztaty naukowe Organizuj\u0105 Pa\u0144stwo imprez\u0119 z udzia\u0142em dzieci lub m\u0142odzie\u017cy. Pragn\u0105 Pa\u0144stwo zainteresowa\u0107 dzieci nauk\u0105? Jeste\u015bmy od tego. W zale\u017cno\u015bci od Pa\u0144stwa potrzeb i odpowiednich warunk\u00f3w lokalowych mo\u017cemy zorganizowa\u0107 pokazy lub warsztaty z wykorzystaniem eksperyment\u00f3w fizycznych, chemicznych czy przyrodniczych. Jeste\u015bmy przygotowani zar\u00f3wno na zaj\u0119cia w pomieszczeniach jak i na \u015bwie\u017cym powietrzu. Koszt pokazu\/ <a href=\"https:\/\/labo.edu.pl\/?page_id=24\" rel=\"nofollow\"><span class=\"sr-only\">Read more about Oferta<\/span>[&hellip;]<\/a><\/p>\n","protected":false},"author":1,"featured_media":0,"parent":0,"menu_order":0,"comment_status":"closed","ping_status":"closed","template":"","meta":{"sfsi_plus_gutenberg_text_before_share":"","sfsi_plus_gutenberg_show_text_before_share":"","sfsi_plus_gutenberg_icon_type":"","sfsi_plus_gutenberg_icon_alignemt":"","sfsi_plus_gutenburg_max_per_row":"","_monsterinsights_skip_tracking":false,"_monsterinsights_sitenote_active":false,"_monsterinsights_sitenote_note":"","_monsterinsights_sitenote_category":0,"_themeisle_gutenberg_block_has_review":false,"footnotes":""},"class_list":["post-24","page","type-page","status-publish","hentry"],"_links":{"self":[{"href":"https:\/\/labo.edu.pl\/index.php?rest_route=\/wp\/v2\/pages\/24","targetHints":{"allow":["GET"]}}],"collection":[{"href":"https:\/\/labo.edu.pl\/index.php?rest_route=\/wp\/v2\/pages"}],"about":[{"href":"https:\/\/labo.edu.pl\/index.php?rest_route=\/wp\/v2\/types\/page"}],"author":[{"embeddable":true,"href":"https:\/\/labo.edu.pl\/index.php?rest_route=\/wp\/v2\/users\/1"}],"replies":[{"embeddable":true,"href":"https:\/\/labo.edu.pl\/index.php?rest_route=%2Fwp%2Fv2%2Fcomments&post=24"}],"version-history":[{"count":21,"href":"https:\/\/labo.edu.pl\/index.php?rest_route=\/wp\/v2\/pages\/24\/revisions"}],"predecessor-version":[{"id":458,"href":"https:\/\/labo.edu.pl\/index.php?rest_route=\/wp\/v2\/pages\/24\/revisions\/458"}],"wp:attachment":[{"href":"https:\/\/labo.edu.pl\/index.php?rest_route=%2Fwp%2Fv2%2Fmedia&parent=24"}],"curies":[{"name":"wp","href":"https:\/\/api.w.org\/{rel}","templated":true}]}}