{"id":77,"date":"2018-05-14T11:55:24","date_gmt":"2018-05-14T11:55:24","guid":{"rendered":"http:\/\/labo.edu.pl\/?page_id=77"},"modified":"2018-09-09T19:14:26","modified_gmt":"2018-09-09T19:14:26","slug":"kontakt-2","status":"publish","type":"page","link":"https:\/\/labo.edu.pl\/?page_id=77","title":{"rendered":"Kontakt"},"content":{"rendered":"<p><span style=\"font-family: tahoma, arial, helvetica, sans-serif;\">Dzia\u0142amy na terenie Pomorza Zachodniego, jeste\u015bmy jednak otwarci na wsp\u00f3\u0142prac\u0119 w ca\u0142ej Polsce<\/span><\/p>\n<p><span style=\"color: #0000ff; font-family: arial,helvetica,sans-serif;\"><strong>Dane adresowe firmy<\/strong><\/span><\/p>\n<p><span style=\"font-family: arial,helvetica,sans-serif;\"><span style=\"font-size: 14pt;\">LABO<\/span> &#8211; <em>szkolenia, doradztwo, pomiary<\/em> \u0141ukasz Wyka<strong><br \/>\n<\/strong><\/span><\/p>\n<p><span style=\"font-family: arial,helvetica,sans-serif;\">ul. R\u00f3\u017cy Wiatr\u00f3w 9\/2<\/span><br \/>\n<span style=\"font-family: arial,helvetica,sans-serif;\">Szczecin 70-845<\/span><br \/>\n<span style=\"font-family: arial,helvetica,sans-serif;\">tel. 505 474 545<\/span><br \/>\n<span style=\"font-family: arial,helvetica,sans-serif;\"><a href=\"mailto:biuro@labo.edu.pl\">biuro@labo.edu.pl<\/a><\/span><\/p>\n<p>lub <a href=\"mailto:labo.szczecin@gmail.com\"><span style=\"font-family: arial, helvetica, sans-serif;\">labo.szczecin@gmail.com<\/span><\/a><\/p>\n<p><span style=\"font-family: arial,helvetica,sans-serif;\">NIP: 955 207 44 84<br \/>\n<\/span><span style=\"font-family: arial,helvetica,sans-serif;\">REGON:\u00a0<span id=\"MainContent_lblRegon\">380517421<\/span><\/span><\/p>\n<p><span style=\"font-family: tahoma,arial,helvetica,sans-serif;\"><span style=\"font-family: tahoma,arial,helvetica,sans-serif;\"><strong><img loading=\"lazy\" decoding=\"async\" class=\"size-full wp-image-20 alignright\" src=\"http:\/\/labo.edu.pl\/wp-content\/uploads\/2018\/05\/logo-Labo_resize_res.jpg\" alt=\"\" width=\"150\" height=\"55\" \/><\/strong><\/span><\/span><\/p>\n","protected":false},"excerpt":{"rendered":"<p>Dzia\u0142amy na terenie Pomorza Zachodniego, jeste\u015bmy jednak otwarci na wsp\u00f3\u0142prac\u0119 w ca\u0142ej Polsce Dane adresowe firmy LABO &#8211; szkolenia, doradztwo, pomiary \u0141ukasz Wyka ul. R\u00f3\u017cy Wiatr\u00f3w 9\/2 Szczecin 70-845 tel. 505 474 545 biuro@labo.edu.pl lub labo.szczecin@gmail.com NIP: 955 207 44 84 REGON:\u00a0380517421<\/p>\n","protected":false},"author":1,"featured_media":0,"parent":0,"menu_order":0,"comment_status":"closed","ping_status":"closed","template":"","meta":{"sfsi_plus_gutenberg_text_before_share":"","sfsi_plus_gutenberg_show_text_before_share":"","sfsi_plus_gutenberg_icon_type":"","sfsi_plus_gutenberg_icon_alignemt":"","sfsi_plus_gutenburg_max_per_row":"","_monsterinsights_skip_tracking":false,"_monsterinsights_sitenote_active":false,"_monsterinsights_sitenote_note":"","_monsterinsights_sitenote_category":0,"_themeisle_gutenberg_block_has_review":false,"footnotes":""},"class_list":["post-77","page","type-page","status-publish","hentry"],"_links":{"self":[{"href":"https:\/\/labo.edu.pl\/index.php?rest_route=\/wp\/v2\/pages\/77","targetHints":{"allow":["GET"]}}],"collection":[{"href":"https:\/\/labo.edu.pl\/index.php?rest_route=\/wp\/v2\/pages"}],"about":[{"href":"https:\/\/labo.edu.pl\/index.php?rest_route=\/wp\/v2\/types\/page"}],"author":[{"embeddable":true,"href":"https:\/\/labo.edu.pl\/index.php?rest_route=\/wp\/v2\/users\/1"}],"replies":[{"embeddable":true,"href":"https:\/\/labo.edu.pl\/index.php?rest_route=%2Fwp%2Fv2%2Fcomments&post=77"}],"version-history":[{"count":8,"href":"https:\/\/labo.edu.pl\/index.php?rest_route=\/wp\/v2\/pages\/77\/revisions"}],"predecessor-version":[{"id":191,"href":"https:\/\/labo.edu.pl\/index.php?rest_route=\/wp\/v2\/pages\/77\/revisions\/191"}],"wp:attachment":[{"href":"https:\/\/labo.edu.pl\/index.php?rest_route=%2Fwp%2Fv2%2Fmedia&parent=77"}],"curies":[{"name":"wp","href":"https:\/\/api.w.org\/{rel}","templated":true}]}}